{"id":434,"date":"2025-01-23T12:19:58","date_gmt":"2025-01-23T11:19:58","guid":{"rendered":"https:\/\/www.emmatrilles.com\/avis-legal\/"},"modified":"2025-02-12T15:56:19","modified_gmt":"2025-02-12T14:56:19","slug":"avis-legal","status":"publish","type":"page","link":"https:\/\/www.emmatrilles.com\/va\/avis-legal\/","title":{"rendered":"Av\u00eds legal"},"content":{"rendered":"<p>[et_pb_section fb_built=&#8221;1&#8243; _builder_version=&#8221;4.27.4&#8243; _module_preset=&#8221;default&#8221; background_color=&#8221;#F3EEE9&#8243; custom_padding=&#8221;||0px|||&#8221; global_colors_info=&#8221;{}&#8221;][et_pb_row _builder_version=&#8221;4.25.1&#8243; _module_preset=&#8221;default&#8221; custom_padding=&#8221;||0px|||&#8221; locked=&#8221;off&#8221; global_colors_info=&#8221;{}&#8221;][et_pb_column type=&#8221;4_4&#8243; _builder_version=&#8221;4.25.1&#8243; _module_preset=&#8221;default&#8221; global_colors_info=&#8221;{}&#8221;][et_pb_heading title=&#8221;Av\u00eds legal&#8221; _builder_version=&#8221;4.27.4&#8243; _module_preset=&#8221;_initial&#8221; title_font=&#8221;DM Serif Text||||||||&#8221; title_font_size=&#8221;75px&#8221; title_letter_spacing=&#8221;-0.02em&#8221; custom_margin=&#8221;||11px|||&#8221; custom_padding=&#8221;6px||||false|false&#8221; title_font_size_tablet=&#8221;60px&#8221; title_font_size_phone=&#8221;45px&#8221; title_font_size_last_edited=&#8221;on|phone&#8221; locked=&#8221;off&#8221; global_colors_info=&#8221;{}&#8221;][\/et_pb_heading][et_pb_divider color=&#8221;#897A69&#8243; divider_weight=&#8221;2px&#8221; _builder_version=&#8221;4.27.4&#8243; _module_preset=&#8221;default&#8221; custom_margin=&#8221;||15px|||&#8221; global_colors_info=&#8221;{}&#8221;][\/et_pb_divider][\/et_pb_column][\/et_pb_row][\/et_pb_section][et_pb_section fb_built=&#8221;1&#8243; _builder_version=&#8221;4.27.4&#8243; _module_preset=&#8221;default&#8221; background_color=&#8221;#F3EEE9&#8243; custom_padding=&#8221;0px|||||&#8221; global_colors_info=&#8221;{}&#8221;][et_pb_row _builder_version=&#8221;4.27.4&#8243; _module_preset=&#8221;default&#8221; global_colors_info=&#8221;{}&#8221;][et_pb_column type=&#8221;4_4&#8243; _builder_version=&#8221;4.27.4&#8243; _module_preset=&#8221;default&#8221; global_colors_info=&#8221;{}&#8221;][et_pb_text _builder_version=&#8221;4.27.4&#8243; _module_preset=&#8221;default&#8221; global_colors_info=&#8221;{}&#8221;]<\/p>\n<h2>1 \u2022 Condicions Generals d&#8217;\u00das<\/h2>\n<p>Les seg\u00fcents Condicions Generals regulen l&#8217;\u00fas i acc\u00e9s al portal web, la finalitat del qual \u00e9s informar de manera p\u00fablica i gratu\u00efta, oferint als usuaris informaci\u00f3, serveis i continguts via web, adoptar\u00e0 totes les mesures al seu abast per a impedir qualsevol tipus de conducta contr\u00e0ria a les Lleis Espanyoles i cooperar\u00e0 amb les autoritats competents en la identificaci\u00f3 dels subjectes responsables de les accions que puguen suposar violacions de les lleis o condicions aplicables al present lloc web.<\/p>\n<p><strong>IDENTIFICACI\u00d3 I COMUNICACIONS<\/strong><\/p>\n<p>IB\u00c8RICA D&#8217;AUDITORIA I CONSULTORIA DE NEGOCIS S.L. (d&#8217;ara en avant *emmatrilles) en compliment de la Llei 34\/2002, d&#8217;11 de juliol, de serveis de la societat de la informaci\u00f3 i de comer\u00e7 electr\u00f2nic, informa:<\/p>\n<p>Denominaci\u00f3 social: IB\u00c8RICA D&#8217;AUDITORIA I CONSULTORIA DE NEGOCIS S.L. CIF \u00e9s: B98179443 Domicili social: Av. de Fran\u00e7a 44, entresol, despatx 7, Val\u00e8ncia, Espanya.<\/p>\n<p>Per a comunicar-se amb nosaltres, posem a la seua disposici\u00f3 diferents mitjans de contacte que detallem a continuaci\u00f3:<\/p>\n<p>Tel: +34 96 381 16 77 Email: emma@emmatrilles.com<\/p>\n<p>Totes les notificacions i comunicacions entre els usuaris i *emmatrilles es consideraran efica\u00e7os, amb car\u00e0cter general, quan es realitzen a trav\u00e9s de correu postal o qualsevol altre mitj\u00e0 dels detallats anteriorment.<\/p>\n<p>Els presents websites: \u201cwww.emmatrilles.com\u201d i \u201cwww.emmatrilles.es\u201ds\u00f3n propietat de *emmatrilles, amb domicili fiscal en l&#8217;adre\u00e7a indicada m\u00e9s amunt.<\/p>\n<p>L&#8217;acc\u00e9s a aquest lloc web suposa l&#8217;acceptaci\u00f3 expressa de l&#8217;usuari a les presents Condicions d&#8217;\u00das, que podran ser modificades o substitu\u00efdes pel seu titular en qualsevol moment i sense previ av\u00eds.<\/p>\n<h2>2 \u2022 Propietat Intel\u00b7lectual i Industrial<\/h2>\n<p>Els continguts, documentaci\u00f3, programaci\u00f3 \/ codi del present website, imatges, gr\u00e0fics, marques, logos i disseny que formen aquesta web s\u00f3n propietat de *emmatrilles i es troben degudament protegits de conformitat amb la normativa espanyola i internacional sobre Propietat Intel\u00b7lectual i Industrial. Les persones o empreses que remeten qualsevol tipus d&#8217;informaci\u00f3 o contingut a *emmatrilles, es comprometen al fet que la mateixa siga vera\u00e7 i no vulnere o infringisca qualsevol dret de tercer ni siga contr\u00e0ria a la llei i l&#8217;ordre p\u00fablic. <\/p>\n<p>Si Vost\u00e9 creu que qualsevol contingut i\/o informaci\u00f3 d&#8217;aquesta web vulnera un dret legitime o la normativa vigent no dubte a contactar amb nosaltres:<\/p>\n<p><strong>emmatrilles<\/strong> Direcci\u00f3 indicada m\u00e9s amunt. Tel: +34 96 381 16 77 www.emmatrilles.com emma@emmatrilles.com<\/p>\n<h2>3 \u2022 Protecci\u00f3 de Dades. Pol\u00edtica de Privacitat <\/h2>\n<p>emmatrilles, en compliment del que s&#8217;estableix en l&#8217;EL 15\/1999, de 13 de Desembre, de Protecci\u00f3 de Dades de Car\u00e0cter Personal, i la seua normativa de desenvolupament, l&#8217;informa que les dades personals facilitades, seran emmagatzemats en un fitxer de dades de car\u00e0cter personal, inscrit en el Registre General de l&#8217;Ag\u00e8ncia de Protecci\u00f3 de Dades, titularitat de *emmatrilles, que en cap cas seran cedits o comunicats a terceres empreses.<\/p>\n<p>En cas de facilitar-nos la seua adre\u00e7a de correu electr\u00f2nic, en compliment del que s&#8217;estableix en la Llei 34\/2002 de Serveis de la Societat de la Informaci\u00f3 i de Comer\u00e7 Electr\u00f2nic, l&#8217;informem i Vost\u00e9 manifesta de manera expressa que desitja rebre comunicacions comercials mitjan\u00e7ant correu electr\u00f2nic de les ofertes, promocions i nous productes, serveis de *emmatrilles.<\/p>\n<p>Aix\u00ed mateix, l&#8217;informem de la possibilitat que si Vost\u00e9 no desitja continuar rebent comunicacions comercials pot indicar-nos-ho a la seg\u00fcent adre\u00e7a: emma@emmatrilles.com . La recollida i emmagatzematge de les dades personals dels Usuaris es realitza de conformitat amb les disposicions de la normativa vigent en mat\u00e8ria de Protecci\u00f3 de Dades de Car\u00e0cter Personal, sent utilitzats exclusivament per a les finalitats establides: respondre a les sol\u00b7licituds d&#8217;informaci\u00f3 dels Usuaris, seguiment comercial, aix\u00ed com per a l&#8217;enviament de comunicacions informatives sol\u00b7licitades sobre les futures ofertes o promocions de *emmatrilles, t\u00e9 implantades totes les mesures de seguretat exigides pel RD. 994\/99, a fi de garantir la confidencialitat absoluta en l&#8217;emmagatzematge i tractament de les dades personals, aix\u00ed com evitar accessos per part de tercers no autoritzats. L&#8217;Usuari respondr\u00e0 en qualsevol cas de la veracitat de les dades facilitades, reservant-se *emmatrilles, el dret d&#8217;excloure dels serveis prestats en el present lloc web a tot usuari que haja facilitat dades falses o err\u00f2nies. L&#8217;usuari podr\u00e0 exercir, en qualsevol moment i de manera gratu\u00efta, els seus drets d&#8217;acc\u00e9s, rectificaci\u00f3, cancel\u00b7laci\u00f3 i oposici\u00f3 al tractament de les seues dades personals mitjan\u00e7ant comunicaci\u00f3 escrita a:    <\/p>\n<p><strong>emmatrilles<\/strong><br \/>Direcci\u00f3 indicada m\u00e9s amunt.<br \/>Tel: +34 96 381 16 77<br \/>www.emmatrilles.com<br \/><a href=\"mailto:emma@emmatrilles.com\">emma@emmatrilles.com<\/a><\/p>\n<p>&nbsp;<\/p>\n<h2>4 \u2022 Normativa de Cookies (Pol\u00edtica de Cookies)<\/h2>\n<p>L&#8217;acc\u00e9s i la navegaci\u00f3 en el lloc www.emmatrilles.com, o l&#8217;\u00fas dels serveis d&#8217;aquest, impliquen l&#8217;acceptaci\u00f3 de les Condicions Generals establides en el nostre Av\u00eds Legal (i per tant de la Pol\u00edtica de Privacitat i Pol\u00edtica de Cookies). Per favor, llig-les atentament: <\/p>\n<p><strong>4.1 Qu\u00e8 \u00e9s una *Cookie?<\/strong><\/p>\n<p>Les cookies s\u00f3n arxius que contenen xicotetes quantitats d&#8217;informaci\u00f3 que es descarreguen en el dispositiu de l&#8217;usuari que s&#8217;utilitza quan visites un lloc web. La seua finalitat principal \u00e9s recon\u00e9ixer a l&#8217;usuari cada vegada que accedeix a www.emmatrilles.com ens permet, a m\u00e9s, millorar la qualitat i la usabilitat de la nostra web. <\/p>\n<p>Les cookies s\u00f3n essencials per al funcionament d&#8217;Internet; <strong>no poden danyar l&#8217;equip\/dispositiu de l&#8217;usuari <\/strong>i, si es troben activades en la configuraci\u00f3 del teu navegador, ens ajuden a identificar i resoldre possibles errors de funcionament de www.emmatrilles.com.<\/p>\n<p><strong>4.2 Tipus de Cookies:<\/strong><\/p>\n<p>Hi ha diferents tipus de cookies. Tots ells treballen de la mateixa manera, per\u00f2 tenen xicotetes difer\u00e8ncies: <br \/><strong><br \/>\u00b7 Cookies de Sessi\u00f3.<\/strong> Les cookies de sessi\u00f3 duren solament per la duraci\u00f3 de la teua visita i s&#8217;esborren quan tanques el navegador. La seua finalitat principal \u00e9s identificar el tipus de dispositiu, donar suport a la seguretat lloc web o la seua funcionalitat b\u00e0sica. No contenen informaci\u00f3 personal que ens permeta identificar a una persona.  <\/p>\n<p><strong>\u00b7 Cookies Persistents o Permanents:<\/strong> S&#8217;emmagatzemen en el disc dur del dispositiu i la nostra web les llig cada vegada que realitzes una nova visita a www.emmatrilles.com; posseeix una data de caducitat o expiraci\u00f3 determinada, complida la qual la *cookie deixa de funcionar. Ens permeten identificar les seues accions i prefer\u00e8ncies; analitzar les visites i ens ajuden a comprendre com arriben els usuaris a la nostra p\u00e0gina i millorar els nostres serveis. <br \/><strong>\u00b7 Cookies de Funcionalitat:<\/strong> Permeten a www.emmatrilles.com recordar decisions adoptades per l&#8217;usuari, com el seu *login o identificador.<br \/>La informaci\u00f3 d&#8217;aquestes cookies s&#8217;arrepleguen de manera an\u00f2nima (\u00e9s a dir, no cont\u00e9 ni el teu nom, direcci\u00f3, o altres dades).<br \/><strong><br \/>\u00b7 Cookies de Tercers. <\/strong>Les cookies de tercers s\u00f3n les cookies que instal\u00b7la un lloc web que no \u00e9s el que est\u00e0s visitant; per exemple, les usades per xarxes socials (com Facebook) o per complements externs de contingut (com Google *Maps). A m\u00e9s, algunes empreses de publicitat usen aquest tipus d&#8217;arxius per a realitzar un seguiment de les teues visites en cada lloc en el qual s&#8217;anuncien. <br \/><strong>\u00b7 Cookies Anal\u00edtiques:<\/strong> S\u00f3n cookies que tenen per finalitat el manteniment peri\u00f2dic i garantir el millor funcionament i servei a l&#8217;usuari; recopilant dades de la seua activitat.<\/p>\n<p><strong>4.3 \u00das de Cookies per part de www.emmatrilles.com<\/strong><\/p>\n<p>Mitjan\u00e7ant l&#8217;acc\u00e9s a www.emmatrilles.com i consentiment de les nostres Cookies, vost\u00e9 accepta de manera expressa que puguem usar aquest tipus de cookies en els seus dispositius. Si desactiva les cookies, pot ser que la seua navegaci\u00f3 per www.emmatrilles.com no siga \u00f2ptima i algunes de les utilitats que disposa www.emmatrilles.com no funcionen correctament. <\/p>\n<p><strong>a) Cookies pr\u00f2pies (Essencials):<\/strong><\/p>\n<p>Amb la finalitat de recon\u00e9ixer-li i prestar-li un millor servei, el nostre lloc utilitza cookies (xicotets arxius de text que el seu navegador emmagatzema) pr\u00f2pies. Els avantatges que comporta l&#8217;acceptaci\u00f3 de les nostres cookies es tradueix en un estalvi de temps. Aix\u00ed mateix poden ser utilitzades tamb\u00e9 per a recon\u00e9ixer-li entre visites successives i aix\u00ed adaptar el contingut que es mostra, per a obtindre informaci\u00f3 sobre la data i hora de la seua \u00faltima visita, mesurar alguns par\u00e0metres de tr\u00e0nsit dins del propi lloc, i estimar el nombre de visites realitzades, de manera que puguem enfocar i ajustar els serveis i promocions de forma m\u00e9s efectiva. Cap *cookie permet que puga contactar-se amb el seu n\u00famero de tel\u00e8fon, la seua adre\u00e7a de correu electr\u00f2nic o amb qualsevol altre mitj\u00e0 de contacte. Cap *cookie pot extraure informaci\u00f3 del seu disc dur o robar informaci\u00f3 personal.    <\/p>\n<p>Nom:<br \/>_icl_current_language<br \/>catAccCookies<br \/>wordpress_b3f2ea189283ae4299f9f37354d1b5d7<br \/>wordfence_verifiedHuman<\/p>\n<p><strong>b) Cookies de Tercers (No-Essencials): Cookies de Google Analytics<\/strong>:<\/p>\n<p>El lloc utilitza el servei Google *Analytics, que \u00e9s prestat per Google, Inc., entitat l&#8217;oficina principal de la qual est\u00e0 en 1600 *Amphitheatre *Parkway, *Mountain *View (Calif\u00f2rnia), CA 94043,<br \/>els Estats Units (\u201cGoogle\u201d). Google *Analytics utilitza cookies per a ajudar-nos a analitzar l&#8217;\u00fas que fan els usuaris del lloc. La informaci\u00f3 que genera la *cookie sobre el seu \u00fas del lloc (incloent la seua adre\u00e7a IP) ser\u00e0 directament transmesa i arxivada per Google en els seus servidors dels Estats Units. Google usar\u00e0 aquesta informaci\u00f3 per compte nostre amb el prop\u00f2sit de seguir la pista del seu \u00fas del lloc, recopilant informes de l&#8217;activitat del lloc i prestant altres serveis relacionats amb l&#8217;activitat del lloc i l&#8217;\u00fas d&#8217;Internet. Google podr\u00e0 transmetre aquesta informaci\u00f3 a tercers quan aix\u00ed li ho requerisca la legislaci\u00f3, o quan dits tercers processen la informaci\u00f3 per compte de Google. Google no associar\u00e0 la seua adre\u00e7a IP amb cap altra dada del qual dispose Google.     <\/p>\n<p>Si ho desitges pots rebutjar el tractament de les dades o la informaci\u00f3 rebutjant l&#8217;\u00fas de cookies mitjan\u00e7ant la selecci\u00f3 de la configuraci\u00f3 apropiada del seu navegador. No obstant aix\u00f2, si ho fas, pot ser que no pugues usar la plena *funcionabilidad d&#8217;aquest lloc. En utilitzar aquest lloc consent el tractament la seua informaci\u00f3 per Google en la forma i per als fins indicats m\u00e9s amunt.  <\/p>\n<p>Nom:<br \/>_utma<br \/>_utmb<br \/>_utmc<br \/>_utmv<br \/>_utmz<br \/>Aquestes cookies de Google Analytics generen un ANEU d&#8217;usuari an\u00f2nim, que \u00e9s el que s&#8217;utilitza per a fer un recompte de quantes vegades visita www.emmatrilles.com l&#8217;usuari. Tamb\u00e9 registra quan va ser la primera i l&#8217;\u00faltima vegada que va visitar la web. Aix\u00ed mateix, calcula quan s&#8217;ha acabat una sessi\u00f3, origen d&#8217;usuari i keywords.  <\/p>\n<p><strong>4.4 Configuraci\u00f3 de l&#8217;usuari per a evitar Cookies.<\/strong><\/p>\n<p>Des de www.emmatrilles.com i en compliment de la normativa legal vigent, posem a la seua disposici\u00f3 la informaci\u00f3 que et permeta configurar el seu navegador\/navegadors d&#8217;Internet per a mantindre la seua privacitat i seguretat en relaci\u00f3 a les cookies. Per aix\u00f2, li facilitem la informaci\u00f3 i enlla\u00e7os als situats de suport oficials dels principals navegadors perqu\u00e8 puga decidir si desitja o no acceptar l&#8217;\u00fas de cookies. <\/p>\n<p>Aix\u00ed, pot bloquejar les cookies a trav\u00e9s de les eines de configuraci\u00f3 del navegador o b\u00e9 pot configurar el seu navegador perqu\u00e8 li avise quan un servidor vulga guardar una cookie:<\/p>\n<p><strong>a) Microsoft Internet Explorer<\/strong> , a l&#8217;opci\u00f3 de men\u00fa Eines&gt; Opcions d&#8217;Internet&gt; Privadesa&gt; Configuraci\u00f3.<br \/>Per saber-ne m\u00e9s: <a href=\"https:\/\/windows.microsoft.com\/es-es\/windows-vista\/block-or-allow-cookies\" target=\"_blank\" rel=\"nofollow noopener\">https:\/\/windows.microsoft.com\/es-es\/windows-vista\/block-or-allow-cookies<\/a> i <a href=\"https:\/\/windows.microsoft.com\/es-es\/windows7\/how-to-manage-cookies-in-internet-explorer-9\" target=\"_blank\" rel=\"nofollow noopener\">https:\/\/windows.microsoft.com\/es-es\/windows7\/how-to- manage-cookies-in-internet-explorer-9<\/a> .<\/p>\n<p><strong>b) Firefox<\/strong> , a l&#8217;opci\u00f3 de men\u00fa Eines&gt; Opcions&gt; Privadesa&gt; Galetes.<br \/>Per saber-ne m\u00e9s: <a href=\"https:\/\/support.mozilla.org\/es\/kb\/habilitar-y-deshabilitar-cookies-que-los-sitios-we\" target=\"_blank\" rel=\"nofollow noopener\">https:\/\/support.mozilla.org\/es\/kb\/habilitar-y-deshabilitar-cookies-que-los-sitios-we<\/a><\/p>\n<p><strong>c) Google Chrome,<\/strong> a la secci\u00f3 d&#8217;Opcions&gt; Opcions avan\u00e7ades&gt; Privadesa.<br \/>Per saber-ne m\u00e9s: <a href=\"https:\/\/support.google.com\/chrome\/bin\/answer.py?hl=es&amp;answer=95647\" target=\"_blank\" rel=\"nofollow noopener\">https:\/\/support.google.com\/chrome\/bin\/answer.py?hl=es&amp;answer=95647<\/a><br \/><strong><br \/>d) Opera<\/strong> , a l&#8217;opci\u00f3 de Seguretat i Privadesa, podr\u00e0s configurar el navegador.<br \/>Per saber-ne m\u00e9s: <a href=\"https:\/\/www.opera.com\/help\/tutorials\/security\/cookies\/\" target=\"_blank\" rel=\"nofollow noopener\">https:\/\/www.opera.com\/help\/tutorials\/security\/cookies\/<\/a><\/p>\n<p>Pot trobar m\u00e9s informaci\u00f3 relacionada en el document de l&#8217;Ag\u00e8ncia Espanyola de Protecci\u00f3 de Dades: <a title=\"Guia Cookies AGPD\" href=\"https:\/\/www.agpd.es\/portalwebAGPD\/canaldocumentacion\/publicaciones\/common\/Guias\/Guia_Cookies.pdf\" target=\"_blank\" rel=\"nofollow noopener\">Document<\/a><\/p>\n<h2>5 \u2022 Jurisdicci\u00f3<\/h2>\n<p>Qualsevol controv\u00e8rsia o conflicte que eventualment poguera derivar-se de la interpretaci\u00f3 i compliment de les presents Condicions, ser\u00e0 sotm\u00e9s a la Jurisdicci\u00f3 dels Jutjats i Tribunals de VAL\u00c8NCIA (Espanya).<\/p>\n<p>[\/et_pb_text][\/et_pb_column][\/et_pb_row][\/et_pb_section]<\/p>\n","protected":false},"excerpt":{"rendered":"<p>1 \u2022 Condicions Generals d&#8217;\u00das Les seg\u00fcents Condicions Generals regulen l&#8217;\u00fas i acc\u00e9s al portal web, la finalitat del qual \u00e9s informar de manera p\u00fablica i gratu\u00efta, oferint als usuaris informaci\u00f3, serveis i continguts via web, adoptar\u00e0 totes les mesures al seu abast per a impedir qualsevol tipus de conducta contr\u00e0ria a les Lleis Espanyoles [&hellip;]<\/p>\n","protected":false},"author":1,"featured_media":0,"parent":0,"menu_order":0,"comment_status":"closed","ping_status":"closed","template":"","meta":{"_et_pb_use_builder":"on","_et_pb_old_content":"","_et_gb_content_width":"","footnotes":""},"class_list":["post-434","page","type-page","status-publish","hentry"],"_links":{"self":[{"href":"https:\/\/www.emmatrilles.com\/va\/wp-json\/wp\/v2\/pages\/434","targetHints":{"allow":["GET"]}}],"collection":[{"href":"https:\/\/www.emmatrilles.com\/va\/wp-json\/wp\/v2\/pages"}],"about":[{"href":"https:\/\/www.emmatrilles.com\/va\/wp-json\/wp\/v2\/types\/page"}],"author":[{"embeddable":true,"href":"https:\/\/www.emmatrilles.com\/va\/wp-json\/wp\/v2\/users\/1"}],"replies":[{"embeddable":true,"href":"https:\/\/www.emmatrilles.com\/va\/wp-json\/wp\/v2\/comments?post=434"}],"version-history":[{"count":4,"href":"https:\/\/www.emmatrilles.com\/va\/wp-json\/wp\/v2\/pages\/434\/revisions"}],"predecessor-version":[{"id":565,"href":"https:\/\/www.emmatrilles.com\/va\/wp-json\/wp\/v2\/pages\/434\/revisions\/565"}],"wp:attachment":[{"href":"https:\/\/www.emmatrilles.com\/va\/wp-json\/wp\/v2\/media?parent=434"}],"curies":[{"name":"wp","href":"https:\/\/api.w.org\/{rel}","templated":true}]}}