{"id":447,"date":"2025-01-23T12:21:27","date_gmt":"2025-01-23T11:21:27","guid":{"rendered":"https:\/\/www.emmatrilles.com\/politica-de-privacitat\/"},"modified":"2025-02-03T12:19:06","modified_gmt":"2025-02-03T11:19:06","slug":"politica-de-privacitat","status":"publish","type":"page","link":"https:\/\/www.emmatrilles.com\/va\/politica-de-privacitat\/","title":{"rendered":"Pol\u00edtica de privacitat"},"content":{"rendered":"<p>[et_pb_section fb_built=&#8221;1&#8243; _builder_version=&#8221;4.27.4&#8243; _module_preset=&#8221;default&#8221; background_color=&#8221;#F3EEE9&#8243; custom_padding=&#8221;||0px|||&#8221; global_colors_info=&#8221;{}&#8221;][et_pb_row _builder_version=&#8221;4.25.1&#8243; _module_preset=&#8221;default&#8221; custom_padding=&#8221;||0px|||&#8221; locked=&#8221;off&#8221; global_colors_info=&#8221;{}&#8221;][et_pb_column type=&#8221;4_4&#8243; _builder_version=&#8221;4.25.1&#8243; _module_preset=&#8221;default&#8221; global_colors_info=&#8221;{}&#8221;][et_pb_heading title=&#8221;Pol\u00edtica de privacitat&#8221; _builder_version=&#8221;4.27.4&#8243; _module_preset=&#8221;_initial&#8221; title_font=&#8221;DM Serif Text||||||||&#8221; title_font_size=&#8221;75px&#8221; title_letter_spacing=&#8221;-0.02em&#8221; custom_margin=&#8221;||11px|||&#8221; custom_padding=&#8221;6px||||false|false&#8221; title_font_size_tablet=&#8221;60px&#8221; title_font_size_phone=&#8221;45px&#8221; title_font_size_last_edited=&#8221;on|phone&#8221; locked=&#8221;off&#8221; global_colors_info=&#8221;{}&#8221;][\/et_pb_heading][et_pb_divider color=&#8221;#897A69&#8243; divider_weight=&#8221;2px&#8221; _builder_version=&#8221;4.27.4&#8243; _module_preset=&#8221;default&#8221; custom_margin=&#8221;||15px|||&#8221; global_colors_info=&#8221;{}&#8221;][\/et_pb_divider][\/et_pb_column][\/et_pb_row][\/et_pb_section][et_pb_section fb_built=&#8221;1&#8243; _builder_version=&#8221;4.27.4&#8243; _module_preset=&#8221;default&#8221; background_color=&#8221;#F3EEE9&#8243; custom_padding=&#8221;0px|||||&#8221; global_colors_info=&#8221;{}&#8221;][et_pb_row _builder_version=&#8221;4.27.4&#8243; _module_preset=&#8221;default&#8221; global_colors_info=&#8221;{}&#8221;][et_pb_column type=&#8221;4_4&#8243; _builder_version=&#8221;4.27.4&#8243; _module_preset=&#8221;default&#8221; global_colors_info=&#8221;{}&#8221;][et_pb_text _builder_version=&#8221;4.27.4&#8243; _module_preset=&#8221;default&#8221; hover_enabled=&#8221;0&#8243; global_colors_info=&#8221;{}&#8221; sticky_enabled=&#8221;0&#8243;]<\/p>\n<p>La protecci\u00f3 de les seues dades personals \u00e9s important per a nosaltres, per aix\u00f2 EMMA TRILLES LAYUNTA han adoptat uns s\u00f2lids principis sobre protecci\u00f3 de dades personals.<\/p>\n<p>Com a responsables del tractament, recaptem i tractem les seues dades personals en relaci\u00f3 amb les nostres activitats. El prop\u00f2sit d&#8217;aquest Av\u00eds de Protecci\u00f3 de Dades \u00e9s fer-li saber quines dades personals arrepleguem, les raons per les quals els utilitzem i compartim, el temps que els mantenim, quins s\u00f3n els seus drets i com poden exercir-los. <\/p>\n<p>En alguns casos, quan siga necessari, li proporcionarem informaci\u00f3 addicional sobre el tractament de les seues dades personals com, per exemple, quan sol\u00b7licite un producte o servei espec\u00edfic.<\/p>\n<h2>1. QUINES DADES PERSONALS TRACTEM?<\/h2>\n<p>Recaptem i tractem les seues dades personals en el marc de les nostres activitats amb l&#8217;objectiu d&#8217;aconseguir un alt nivell de personalitzaci\u00f3 dels productes i serveis que li oferim.<\/p>\n<p>Podem recaptar diversos tipus de dades personals sobre vost\u00e9, inclosos:<\/p>\n<ul>\n<li><strong>dades de car\u00e0cter identificatiu<\/strong>(per exemple, nom, n\u00famero d&#8217;identificaci\u00f3 i n\u00famero de *dni o passaport, Adre\u00e7a IP);<\/li>\n<li><strong>informaci\u00f3 de contacte<\/strong> (per exemple, adre\u00e7a postal i adre\u00e7a de correu electr\u00f2nic, n\u00famero de tel\u00e8fon);<\/li>\n<li><strong>dades de les seues interaccions amb nosaltres:<\/strong> informes de contacte, llocs d&#8217;Internet, les nostres aplicacions, les nostres p\u00e0gines en xarxes socials, correus electr\u00f2nics, converses telef\u00f2niques i\/o de xat.<\/li>\n<\/ul>\n<p>Mai sol\u00b7licitem dades personals relacionades amb els seus or\u00edgens racials o \u00e8tnics, opinions pol\u00edtiques, creences religioses o filos\u00f2fiques, afiliaci\u00f3 sindical, dades gen\u00e8tiques, dades relatives a la seua orientaci\u00f3 sexual o dades relacionades amb condemnes i infraccions penals (dades del registre d&#8217;antecedents penals) llevat que siga per una obligaci\u00f3 legal.<\/p>\n<p>Les dades que tractem sobre vost\u00e9 poden ser proporcionats directament per vost\u00e9 o obtinguts d&#8217;altres fonts per a verificar o enriquir les nostres bases de dades, com ara:<\/p>\n<ul>\n<li>publicacions\/bases de dades posades a disposici\u00f3 per les autoritats oficials (p. ex., el Butllet\u00ed Oficial de l&#8217;Estat);<\/li>\n<li>els nostres clients corporatius o prove\u00efdors de serveis;<\/li>\n<li>tercers de conformitat amb la legislaci\u00f3 de protecci\u00f3 de dades;<\/li>\n<li>p\u00e0gines web\/ perfils en xarxes socials que contenen informaci\u00f3 publicada per vost\u00e9 (per exemple, la seua pr\u00f2pia p\u00e0gina web o el seu perfil en xarxes socials); i<\/li>\n<li>bases de dades posades a la disposici\u00f3 del p\u00fablic per tercers.<\/li>\n<\/ul>\n<h2>2. CASOS ESPEC\u00cdFICS DE TRACTAMENT DE DADES PERSONALS, INCLOENT-HI TRACTAMENTS DE MANERA INDIRECTA<\/h2>\n<p>En unes certes circumst\u00e0ncies, podem recaptar i tractar les dades personals de les persones amb les quals tenim, podr\u00edem tindre o hem tingut, una relaci\u00f3 directa, com ara:<\/p>\n<ul>\n<li>usuaris que accedeixen a les nostres p\u00e0gines web;<\/li>\n<li>potencials o clients o clients majoristes existents;<\/li>\n<li>assistents als nostres cursos o esdeveniments relacionats amb la nostra activitat; o<\/li>\n<\/ul>\n<h2>3. PER QU\u00c8 I AMB QUINA LEGITIMACI\u00d3 UTILITZEM LES SEUES DADES PERSONALS?<\/h2>\n<p><strong>Compliment d&#8217;obligacions legals i reguladores<\/strong><\/p>\n<p>Podem tractar la seua informaci\u00f3 personal per a complir amb diverses obligacions legals i reguladores, incloent-hi<\/p>\n<ul>\n<li>Execuci\u00f3 d&#8217;un contracte (mercantil)<\/li>\n<li>Obligaci\u00f3 legal (Reial decret legislatiu 1\/2007, de 16 de novembre i altres normes complement\u00e0ries, Codi de Comer\u00e7)<\/li>\n<\/ul>\n<p><strong>Execuci\u00f3 d&#8217;un contracte<\/strong><\/p>\n<p>Igualment, tractem la seua informaci\u00f3 personal per a celebrar i executar els nostres contractes, incloent-hi les seg\u00fcents finalitats:<\/p>\n<ul>\n<li>informaci\u00f3 sobre els nostres productes i serveis;<\/li>\n<li>ajudar-lo i respondre a les seues peticions<\/li>\n<li>avaluar si podem oferir-li un producte o servei i en quines condicions; i<\/li>\n<li>proporcionar-li productes o serveis electr\u00f2nics als nostres clients corporatius dels quals vost\u00e9 \u00e9s un empleat, un accionista, un beneficiari o un client.<\/li>\n<\/ul>\n<p><strong>Inter\u00e9s leg\u00edtim<\/strong><\/p>\n<p>Tractem les seues dades personals amb la finalitat de comercialitzar els nostres productes o serveis, incloent:<\/p>\n<ul>\n<li>personalitzar la nostra oferta de productes i serveis per a vost\u00e9 o l&#8217;entitat que representa<\/li>\n<li>la millora de la qualitat dels nostres productes o serveis bancaris, financers o d&#8217;assegurances;<\/li>\n<li>publicitar productes o serveis que coincidisquen amb les seues circumst\u00e0ncies i perfil, realitzant per a aix\u00f2 activitats com:<\/li>\n<li>segmentaci\u00f3 dels nostres potencials clients i clients actuals;<\/li>\n<\/ul>\n<p>Si necessitem dur a terme un tractament addicional per a fins distints dels enumerats en la secci\u00f3 3, se l&#8217;informar\u00e0 i, si \u00e9s el cas, obtindrem el seu consentiment per a realitzar aquest tractament.<\/p>\n<h2>4. AMB QUI COMPARTIM LES SEUES DADES PERSONALS?<\/h2>\n<p>Per a complir amb les finalitats anteriorment esmentades, nom\u00e9s compartim les seues dades personals amb:<\/p>\n<ul>\n<li>Prove\u00efdors de serveis que realitzen serveis en el nostre nom;<\/li>\n<li>Autoritats judicials, ag\u00e8ncies estatals o organismes p\u00fablics<\/li>\n<\/ul>\n<h2>5. TRANSFER\u00c8NCIES INTERNACIONALS DE DADES<\/h2>\n<p>En el cas de transfer\u00e8ncies internacionals fora de l&#8217;Espai Econ\u00f2mic Europeu (*EEE), la Comissi\u00f3 Europea ha reconegut que determinats pa\u00efsos no pertanyents al *EEE proporcionen un nivell adequat de protecci\u00f3 de dades, per la qual cosa les seues dades es transferiran amb les garanties adequades que ofereix aquesta base legitimadora per al tractament de la seua informaci\u00f3.<\/p>\n<p>En el cas de les transfer\u00e8ncies a pa\u00efsos no pertanyents al *EEE, el nivell de protecci\u00f3 del qual no haja sigut reconegut per la Comissi\u00f3 Europea, recorrerem a altres de les bases legitimadores que estableix el Reglament General de Protecci\u00f3 de Dades) o a aplicar les cl\u00e0usules contractuals aprovades per la Comissi\u00f3 Europea per a garantir la protecci\u00f3 de les seues dades personals.<\/p>\n<h2>6. QUANT TEMPS CONSERVEM LES SEUES DADES PERSONALS?<\/h2>\n<p>Conservarem les seues dades personals durant: (i) el per\u00edode establit per la llei; o (*ii) el per\u00edode necessari perqu\u00e8 complim amb nostres . La majoria de les dades personals recopilades en relaci\u00f3 amb un client espec\u00edfic es mantenen durant la duraci\u00f3 la relaci\u00f3 contractual amb aquest client el per\u00edode que s&#8217;estableix fiscalment despr\u00e9s del final de la relaci\u00f3 contractual o segons ho requerisca la llei aplicable.   <\/p>\n<h2>7. QUINS S\u00d3N ELS SEUS DRETS I COM POT EXERCIR-LOS?<\/h2>\n<p>En funci\u00f3 de les lleis de protecci\u00f3 de dades que s&#8217;apliquen, vost\u00e9 t\u00e9 uns certs drets respecte a les seues dades personals. D&#8217;acord amb el Reglament General de Protecci\u00f3 de Dades, vost\u00e9 pot exercir els seg\u00fcents drets: <\/p>\n<ul>\n<li><strong>Accedir: <\/strong> pot obtindre informaci\u00f3 relacionada amb el tractament de les seues dades personals i una c\u00f2pia d&#8217;aquestes dades personals.<\/li>\n<li><strong>Rectificar: <\/strong> si considera que les seues dades personals s\u00f3n inexactes o estan incomplets, pot sol\u00b7licitar que aquestes dades personals es modifiquen.<\/li>\n<li><strong>Cancel\u00b7lar:<\/strong> pot requerir l&#8217;eliminaci\u00f3 de les seues dades personals, en la mesura permesa per la llei.<\/li>\n<li><strong>Limitar:<\/strong> pot sol\u00b7licitar la limitaci\u00f3 del tractament de les seues dades personals.<\/li>\n<li><strong>Oposar-se: <\/strong> pot oposar-se al tractament de les seues dades personals, per motius relacionats amb la seua situaci\u00f3 particular. Vost\u00e9 t\u00e9 dret a objectar sobre el tractament de les seues dades personals amb finalitats de m\u00e0rqueting directe, la qual cosa inclou la creaci\u00f3 de perfils relacionats amb aquesta activitat. <\/li>\n<li><strong>Retirar el seu consentiment:<\/strong><span> <\/span>quan haja atorgat el seu consentiment per al tractament de les seues dades personals, t\u00e9 dret a retirar el mateix en qualsevol moment.<\/li>\n<li><strong>A la portabilitat de les dades:<\/strong><span> <\/span>quan siga legal i t\u00e8cnicament possible, vost\u00e9 t\u00e9 dret al fet que se li retornen les dades personals que ens ha proporcionat o, quan siga t\u00e8cnicament possible, a un tercer.<\/li>\n<\/ul>\n<p>Si vost\u00e9 necessita m\u00e9s informaci\u00f3, o si desitja exercir algun dels drets anteriorment esmentats, per favor envie una carta o correu electr\u00f2nic a l&#8217;adre\u00e7a establida en la secci\u00f3 9. Per favor, incloga una c\u00f2pia del seu Document Nacional d&#8217;Identitat perqu\u00e8 puguem comprovar la seua identitat. <\/p>\n<p>De conformitat amb la normativa aplicable, a m\u00e9s dels drets anteriors, tamb\u00e9 t\u00e9 dret a presentar una queixa davant l&#8217;autoritat de control de protecci\u00f3 de dades del seu pa\u00eds.<\/p>\n<h2>8. COM POT SEGUIR ELS CANVIS QUE ES PRODU\u00cfSQUEN EN AQUEST AV\u00cdS DE PROTECCI\u00d3 DE DADES?<\/h2>\n<p>En un m\u00f3n de constants canvis tecnol\u00f2gics, \u00e9s possible que h\u00e0gem d&#8217;actualitzar peri\u00f2dicament el present Av\u00eds de Protecci\u00f3 de Dades. Li convidem que comprove peri\u00f2dicament l&#8217;\u00faltima versi\u00f3 d&#8217;aquest av\u00eds. <\/p>\n<p>Igualment, l&#8217;informarem de qualsevol canvi significatiu a trav\u00e9s de la nostra p\u00e0gina web o a trav\u00e9s dels nostres canals de comunicaci\u00f3 habituals.<\/p>\n<h2>9. COM POT CONTACTAR AMB NOSALTRES?<\/h2>\n<p>Si t\u00e9 alguna pregunta relacionada amb el tractament de les seues dades personals, sobre el present Av\u00eds protecci\u00f3 de dades, o si desitja una c\u00f2pia del mateix en el seu idioma, per favor pose&#8217;s en contacte amb:<span> <\/span><a href=\"mailto:emma@emmatrilles.com\">emma@emmatrilles.com<\/a><\/p>\n<p>&nbsp;<\/p>\n<h2>10. AMB QUINES FINALITATS USEM LES SEUES DADES?<\/h2>\n<ul>\n<li><strong>Contacte:<span> <\/span><\/strong> Respondre a les preguntes enviades a l&#8217;empresa, aix\u00ed com atendre les sol\u00b7licituds d&#8217;informaci\u00f3 sobre els serveis que ofereix EMMA TRILLES LAYUNTA<\/li>\n<li><strong>Inscripci\u00f3 en el nostre canal de Youtube: <span> <\/span><\/strong>per a estar al dia de tot el que ocorre en el m\u00f3n del busseig.<\/li>\n<li><strong>Alta en Login\/Registre: <span> <\/span><\/strong>usuari puga crear el seu propi compte i tindre acc\u00e9s als serveis oferits per la p\u00e0gina web.<\/li>\n<\/ul>\n<p>[\/et_pb_text][\/et_pb_column][\/et_pb_row][\/et_pb_section]<\/p>\n","protected":false},"excerpt":{"rendered":"<p>La protecci\u00f3 de les seues dades personals \u00e9s important per a nosaltres, per aix\u00f2 EMMA TRILLES LAYUNTA han adoptat uns s\u00f2lids principis sobre protecci\u00f3 de dades personals. Com a responsables del tractament, recaptem i tractem les seues dades personals en relaci\u00f3 amb les nostres activitats. El prop\u00f2sit d&#8217;aquest Av\u00eds de Protecci\u00f3 de Dades \u00e9s fer-li [&hellip;]<\/p>\n","protected":false},"author":1,"featured_media":0,"parent":0,"menu_order":0,"comment_status":"closed","ping_status":"closed","template":"","meta":{"_et_pb_use_builder":"on","_et_pb_old_content":"","_et_gb_content_width":"","footnotes":""},"class_list":["post-447","page","type-page","status-publish","hentry"],"_links":{"self":[{"href":"https:\/\/www.emmatrilles.com\/va\/wp-json\/wp\/v2\/pages\/447","targetHints":{"allow":["GET"]}}],"collection":[{"href":"https:\/\/www.emmatrilles.com\/va\/wp-json\/wp\/v2\/pages"}],"about":[{"href":"https:\/\/www.emmatrilles.com\/va\/wp-json\/wp\/v2\/types\/page"}],"author":[{"embeddable":true,"href":"https:\/\/www.emmatrilles.com\/va\/wp-json\/wp\/v2\/users\/1"}],"replies":[{"embeddable":true,"href":"https:\/\/www.emmatrilles.com\/va\/wp-json\/wp\/v2\/comments?post=447"}],"version-history":[{"count":2,"href":"https:\/\/www.emmatrilles.com\/va\/wp-json\/wp\/v2\/pages\/447\/revisions"}],"predecessor-version":[{"id":449,"href":"https:\/\/www.emmatrilles.com\/va\/wp-json\/wp\/v2\/pages\/447\/revisions\/449"}],"wp:attachment":[{"href":"https:\/\/www.emmatrilles.com\/va\/wp-json\/wp\/v2\/media?parent=447"}],"curies":[{"name":"wp","href":"https:\/\/api.w.org\/{rel}","templated":true}]}}